{"id":900,"date":"2023-03-22T18:46:33","date_gmt":"2023-03-22T17:46:33","guid":{"rendered":"https:\/\/foerde-schule-gravenstein.dk\/optagelse\/"},"modified":"2024-09-10T09:29:59","modified_gmt":"2024-09-10T07:29:59","slug":"optagelse","status":"publish","type":"page","link":"https:\/\/foerde-schule-gravenstein.dk\/da\/optagelse\/","title":{"rendered":"Optagelse"},"content":{"rendered":"<p>[et_pb_section fb_built=&#8221;1&#8243; admin_label=&#8221;section&#8221; _builder_version=&#8221;4.16&#8243; global_colors_info=&#8221;{}&#8221;][et_pb_row _builder_version=&#8221;4.20.2&#8243; _module_preset=&#8221;default&#8221; global_colors_info=&#8221;{}&#8221;][et_pb_column type=&#8221;4_4&#8243; _builder_version=&#8221;4.20.2&#8243; _module_preset=&#8221;default&#8221; global_colors_info=&#8221;{}&#8221;][et_pb_slider _builder_version=&#8221;4.20.2&#8243; _module_preset=&#8221;default&#8221; global_colors_info=&#8221;{}&#8221;][et_pb_slide _builder_version=&#8221;4.20.2&#8243; _module_preset=&#8221;default&#8221; background_image=&#8221;http:\/\/foerde-schule-gravenstein.dk\/wp-content\/uploads\/2023\/03\/back-school-team-scaled.jpg&#8221; background_enable_image=&#8221;on&#8221; global_colors_info=&#8221;{}&#8221; sticky_transition=&#8221;on&#8221;][\/et_pb_slide][\/et_pb_slider][\/et_pb_column][\/et_pb_row][et_pb_row _builder_version=&#8221;4.20.2&#8243; _module_preset=&#8221;default&#8221; global_colors_info=&#8221;{}&#8221;][et_pb_column type=&#8221;4_4&#8243; _builder_version=&#8221;4.20.2&#8243; _module_preset=&#8221;default&#8221; global_colors_info=&#8221;{}&#8221;][et_pb_text _builder_version=&#8221;4.20.2&#8243; _module_preset=&#8221;default&#8221; global_colors_info=&#8221;{}&#8221;]<\/p>\n<h1><strong>Optagelseskriterier F\u00f6rde-Schule Gravenstein.<\/strong><\/h1>\n<p>DSSVs optagelseskriterier danne grundlaget for vores optagelseskriterier. <br \/>Optagelseskriterierne blev udarbejdet i\u00a0 2002. I 2022 blev kriterierne opdateret.<\/p>\n<p>[\/et_pb_text][et_pb_button button_url=&#8221;http:\/\/foerde-schule-gravenstein.dk\/wp-content\/uploads\/2023\/03\/Aufnahmekriterien-der-Forde-Schule_2022.pdf&#8221; url_new_window=&#8221;on&#8221; button_text=&#8221;PDF Optagelseskriterier&#8221; _builder_version=&#8221;4.27.0&#8243; _module_preset=&#8221;default&#8221; global_colors_info=&#8221;{}&#8221;][\/et_pb_button][et_pb_text _builder_version=&#8221;4.20.2&#8243; _module_preset=&#8221;default&#8221; global_colors_info=&#8221;{}&#8221;]<\/p>\n<h1><strong>Indskoling<\/strong><\/h1>\n<p class=\"font_8\">Der er indskrivning til skolen i januar. Dette annonceres i de tyske b\u00f8rnehaver og dagspressen.<br \/>Der er mulighed for at blive optaget p\u00e5 en venteliste.<br \/>Der er indskoling pr. 1. maj, hvor b\u00f8rnene starter i skolens SFO. S\u00e5ledes er der ikke tale om en egentlig indskoling, men blot en overgang til SFO\u00b4en. Skolen har udarbejdet et koncept til denne tid, der skal medvirke til, at b\u00f8rnene langsomt v\u00e6nnes til de nye omgivelser og nye l\u00e6ringsformer.<\/p>\n<p>[\/et_pb_text][et_pb_button button_url=&#8221;http:\/\/foerde-schule-gravenstein.dk\/wp-content\/uploads\/2023\/03\/Konzept_Einschulung_-_fur_Eltern.pdf&#8221; url_new_window=&#8221;on&#8221; button_text=&#8221;PDF: Indskolingskriterier&#8221; _builder_version=&#8221;4.27.0&#8243; _module_preset=&#8221;default&#8221; global_colors_info=&#8221;{}&#8221;][\/et_pb_button][et_pb_text _builder_version=&#8221;4.20.2&#8243; _module_preset=&#8221;default&#8221; global_colors_info=&#8221;{}&#8221;]<\/p>\n<p class=\"font_8\">Den egentlige indskoling finder sted i august, n\u00e5r det nye skole\u00e5r starter.<\/p>\n<p class=\"font_8\">For\u00e6ldrene m\u00f8des en aften lige inden sommerferien og fremstiller en &#8220;Schult\u00fcte&#8221; til netop deres barn. Her har nye for\u00e6ldre mulighed for at m\u00f8de de andre for\u00e6ldre fra klassen og mulighed for p\u00e5 at opbygge et netv\u00e6rk over en kop kaffe eller en \u00f8l.<\/p>\n<p class=\"font_8\">For at alle elever har det samme indhold i deres &#8220;Schult\u00fcte&#8221;, er det skolen der fylder dem.<\/p>\n<p>[\/et_pb_text][et_pb_text _builder_version=&#8221;4.20.2&#8243; _module_preset=&#8221;default&#8221; global_colors_info=&#8221;{}&#8221;]<\/p>\n<h1><strong>Venteliste<\/strong><\/h1>\n<p class=\"font_8\"><span>De seneste \u00e5r har vist, at flere og flere danske for\u00e6ldre \u00f8nsker at indskrive deres b\u00f8rn i F\u00f6rde-Schule i en meget ung alder, for at v\u00e6re sikre p\u00e5 at f\u00e5 en plads. Men skolen har hidtil desv\u00e6rre m\u00e5ttet oplyse, at det f\u00f8rst er muligt at indskrive b\u00f8rn et halvt \u00e5r f\u00f8r de skal i skole, typisk i januar. Da skolens 0. klasser i de seneste \u00e5r flere gange har v\u00e6ret fyldt op (17 elever), har det langt fra v\u00e6ret muligt at optage alle de b\u00f8rn, der \u00f8nskede at starte i F\u00f6rde-Schule.<\/span><\/p>\n<p class=\"font_8\"><span>For at give for\u00e6ldrene bedre mulighed for at planl\u00e6gge langsigtet, har skolens bestyrelse og ledelse besluttet at oprette en venteliste, s\u00e5 kommende elever nu kan indskrives umiddelbart efter f\u00f8dslen, s\u00e5fremt man m\u00e5tte \u00f8nske dette. Der er dog et MEN. Idet der er fastlagt prioriterede retningslinjer for, hvem der skal, og hvem der kan optages i F\u00f6rde-Schule.<\/span><\/p>\n<p class=\"font_8\"><span>S\u00e5ledes g\u00e5r fx s\u00f8skende og b\u00f8rn fra de tyske b\u00f8rnehaver altid frem for \u00f8vrige ans\u00f8gere. Er man s\u00e5ledes optaget p\u00e5 ventelisten som nummer \u00e9t, f\u00e5r man den f\u00f8rste af de pladser, der er tilovers, efter at ovenfor omtalte b\u00f8rn er optaget. Skolens ledelse vil ved henvendelse kunne oplyse, hvor mange b\u00f8rn der allerede st\u00e5r p\u00e5 ventelisten, og hvor mange vi regner med at f\u00e5 fra de tyske b\u00f8rnehaver m.v. for derigennem at kunne vurdere mulighederne for optagelse af yderligere b\u00f8rn. Den endelige afg\u00f8relse for optagelse tr\u00e6ffes i januar m\u00e5ned i det \u00e5r, hvor indskolingen finder sted. Herefter er indskrevne b\u00f8rn selvf\u00f8lgelig sikret deres pladser.<\/span><\/p>\n<p>[\/et_pb_text][\/et_pb_column][\/et_pb_row][\/et_pb_section]<\/p>\n","protected":false},"excerpt":{"rendered":"<p>Optagelseskriterier F\u00f6rde-Schule Gravenstein. DSSVs optagelseskriterier danne grundlaget for vores optagelseskriterier. Optagelseskriterierne blev udarbejdet i\u00a0 2002. I 2022 blev kriterierne opdateret.Indskoling Der er indskrivning til skolen i januar. Dette annonceres i de tyske b\u00f8rnehaver og dagspressen.Der er mulighed for at blive optaget p\u00e5 en venteliste.Der er indskoling pr. 1. maj, hvor b\u00f8rnene starter i skolens SFO. [&hellip;]<\/p>\n","protected":false},"author":2,"featured_media":0,"parent":0,"menu_order":0,"comment_status":"closed","ping_status":"closed","template":"","meta":{"_et_pb_use_builder":"on","_et_pb_old_content":"","_et_gb_content_width":"","footnotes":""},"class_list":["post-900","page","type-page","status-publish","hentry"],"_links":{"self":[{"href":"https:\/\/foerde-schule-gravenstein.dk\/da\/wp-json\/wp\/v2\/pages\/900","targetHints":{"allow":["GET"]}}],"collection":[{"href":"https:\/\/foerde-schule-gravenstein.dk\/da\/wp-json\/wp\/v2\/pages"}],"about":[{"href":"https:\/\/foerde-schule-gravenstein.dk\/da\/wp-json\/wp\/v2\/types\/page"}],"author":[{"embeddable":true,"href":"https:\/\/foerde-schule-gravenstein.dk\/da\/wp-json\/wp\/v2\/users\/2"}],"replies":[{"embeddable":true,"href":"https:\/\/foerde-schule-gravenstein.dk\/da\/wp-json\/wp\/v2\/comments?post=900"}],"version-history":[{"count":5,"href":"https:\/\/foerde-schule-gravenstein.dk\/da\/wp-json\/wp\/v2\/pages\/900\/revisions"}],"predecessor-version":[{"id":1109,"href":"https:\/\/foerde-schule-gravenstein.dk\/da\/wp-json\/wp\/v2\/pages\/900\/revisions\/1109"}],"wp:attachment":[{"href":"https:\/\/foerde-schule-gravenstein.dk\/da\/wp-json\/wp\/v2\/media?parent=900"}],"curies":[{"name":"wp","href":"https:\/\/api.w.org\/{rel}","templated":true}]}}