{"id":912,"date":"2023-03-23T13:04:56","date_gmt":"2023-03-23T12:04:56","guid":{"rendered":"https:\/\/foerde-schule-gravenstein.dk\/evaluering\/"},"modified":"2026-01-06T13:14:24","modified_gmt":"2026-01-06T12:14:24","slug":"evaluering","status":"publish","type":"page","link":"https:\/\/foerde-schule-gravenstein.dk\/da\/evaluering\/","title":{"rendered":"Evaluering"},"content":{"rendered":"<p>[et_pb_section fb_built=&#8221;1&#8243; admin_label=&#8221;section&#8221; _builder_version=&#8221;4.16&#8243; global_colors_info=&#8221;{}&#8221;][et_pb_row _builder_version=&#8221;4.20.2&#8243; _module_preset=&#8221;default&#8221; global_colors_info=&#8221;{}&#8221;][et_pb_column type=&#8221;4_4&#8243; _builder_version=&#8221;4.20.2&#8243; _module_preset=&#8221;default&#8221; global_colors_info=&#8221;{}&#8221;][et_pb_slider _builder_version=&#8221;4.20.2&#8243; _module_preset=&#8221;default&#8221; global_colors_info=&#8221;{}&#8221;][et_pb_slide _builder_version=&#8221;4.20.2&#8243; _module_preset=&#8221;default&#8221; background_image=&#8221;http:\/\/foerde-schule-gravenstein.dk.linux206.curanetserver.dk\/wp-content\/uploads\/2023\/03\/group-kids-studying-school-scaled.jpg&#8221; background_enable_image=&#8221;on&#8221; global_colors_info=&#8221;{}&#8221; sticky_transition=&#8221;on&#8221;][\/et_pb_slide][\/et_pb_slider][\/et_pb_column][\/et_pb_row][et_pb_row _builder_version=&#8221;4.20.2&#8243; _module_preset=&#8221;default&#8221; global_colors_info=&#8221;{}&#8221;][et_pb_column type=&#8221;4_4&#8243; _builder_version=&#8221;4.20.2&#8243; _module_preset=&#8221;default&#8221; global_colors_info=&#8221;{}&#8221;][et_pb_text _builder_version=&#8221;4.20.2&#8243; _module_preset=&#8221;default&#8221; global_colors_info=&#8221;{}&#8221;]<\/p>\n<h1><strong>Evaluering<\/strong><\/h1>\n<p>[\/et_pb_text][\/et_pb_column][\/et_pb_row][et_pb_row _builder_version=&#8221;4.20.2&#8243; _module_preset=&#8221;default&#8221; global_colors_info=&#8221;{}&#8221;][et_pb_column type=&#8221;4_4&#8243; _builder_version=&#8221;4.20.2&#8243; _module_preset=&#8221;default&#8221; global_colors_info=&#8221;{}&#8221;][et_pb_button button_url=&#8221;http:\/\/foerde-schule-gravenstein.dk\/wp-content\/uploads\/2023\/03\/Evaluation-des-Unterrichts.pdf&#8221; url_new_window=&#8221;on&#8221; button_text=&#8221;PDF: Evaluering af undervisningen&#8221; _builder_version=&#8221;4.27.0&#8243; _module_preset=&#8221;default&#8221; global_colors_info=&#8221;{}&#8221;][\/et_pb_button][\/et_pb_column][\/et_pb_row][et_pb_row _builder_version=&#8221;4.20.2&#8243; _module_preset=&#8221;default&#8221; global_colors_info=&#8221;{}&#8221;][et_pb_column type=&#8221;4_4&#8243; _builder_version=&#8221;4.20.2&#8243; _module_preset=&#8221;default&#8221; global_colors_info=&#8221;{}&#8221;][et_pb_button button_url=&#8221;https:\/\/foerde-schule-gravenstein.dk\/wp-content\/uploads\/2024\/09\/ergebnisse-evaluation-23-24.pdf&#8221; url_new_window=&#8221;on&#8221; button_text=&#8221;PDF: Resultater for evalueringen 23\/24&#8243; _builder_version=&#8221;4.27.0&#8243; _module_preset=&#8221;default&#8221; global_colors_info=&#8221;{}&#8221;][\/et_pb_button][\/et_pb_column][\/et_pb_row][et_pb_row _builder_version=&#8221;4.20.2&#8243; _module_preset=&#8221;default&#8221; global_colors_info=&#8221;{}&#8221;][et_pb_column type=&#8221;4_4&#8243; _builder_version=&#8221;4.20.2&#8243; _module_preset=&#8221;default&#8221; global_colors_info=&#8221;{}&#8221;][et_pb_text _builder_version=&#8221;4.20.2&#8243; _module_preset=&#8221;default&#8221; global_colors_info=&#8221;{}&#8221;]<\/p>\n<h1><strong>Undervisningsmil\u00f8jvurdering<\/strong><\/h1>\n<p>[\/et_pb_text][\/et_pb_column][\/et_pb_row][et_pb_row _builder_version=&#8221;4.20.2&#8243; _module_preset=&#8221;default&#8221; global_colors_info=&#8221;{}&#8221;][et_pb_column type=&#8221;4_4&#8243; _builder_version=&#8221;4.20.2&#8243; _module_preset=&#8221;default&#8221; global_colors_info=&#8221;{}&#8221;][et_pb_button button_url=&#8221;http:\/\/foerde-schule-gravenstein.dk\/wp-content\/uploads\/2023\/03\/0-3-Gesamt.pdf&#8221; url_new_window=&#8221;on&#8221; button_text=&#8221;PDF: UMV 0.-3. Klasse 22\/23&#8243; _builder_version=&#8221;4.21.0&#8243; _module_preset=&#8221;default&#8221; global_colors_info=&#8221;{}&#8221;][\/et_pb_button][et_pb_button button_url=&#8221;http:\/\/foerde-schule-gravenstein.dk\/wp-content\/uploads\/2023\/03\/4-7-Gesamt.pdf&#8221; url_new_window=&#8221;on&#8221; button_text=&#8221;PDF: UMV 4.-7. Klasse 22\/23&#8243; _builder_version=&#8221;4.21.0&#8243; _module_preset=&#8221;default&#8221; global_colors_info=&#8221;{}&#8221;][\/et_pb_button][\/et_pb_column][\/et_pb_row][et_pb_row _builder_version=&#8221;4.20.2&#8243; _module_preset=&#8221;default&#8221; global_colors_info=&#8221;{}&#8221;][et_pb_column type=&#8221;4_4&#8243; _builder_version=&#8221;4.20.2&#8243; _module_preset=&#8221;default&#8221; global_colors_info=&#8221;{}&#8221;][et_pb_text _builder_version=&#8221;4.20.2&#8243; _module_preset=&#8221;default&#8221; global_colors_info=&#8221;{}&#8221;]<\/p>\n<h1><strong>Tilsynsrapporter<\/strong><\/h1>\n<p>For\u00e6ldrebestyrelsen v\u00e6lger skolens tilsynsf\u00f8rende. Vores tilsynsf\u00f8rende er Claus Diedrichsen.<\/p>\n<p>[\/et_pb_text][\/et_pb_column][\/et_pb_row][et_pb_row _builder_version=&#8221;4.20.2&#8243; _module_preset=&#8221;default&#8221; global_colors_info=&#8221;{}&#8221;][et_pb_column type=&#8221;4_4&#8243; _builder_version=&#8221;4.20.2&#8243; _module_preset=&#8221;default&#8221; global_colors_info=&#8221;{}&#8221;][et_pb_button button_url=&#8221;https:\/\/foerde-schule-gravenstein.dk\/wp-content\/uploads\/2026\/01\/tilsynserklaering-24-25.pdf&#8221; url_new_window=&#8221;on&#8221; button_text=&#8221;PDF: Tilsynsrapport 24\/25&#8243; _builder_version=&#8221;4.27.5&#8243; _module_preset=&#8221;default&#8221; hover_enabled=&#8221;0&#8243; global_colors_info=&#8221;{}&#8221; sticky_enabled=&#8221;0&#8243;][\/et_pb_button][et_pb_button button_url=&#8221;https:\/\/foerde-schule-gravenstein.dk\/wp-content\/uploads\/2024\/06\/Tilsynserklaering-2324.pdf&#8221; url_new_window=&#8221;on&#8221; button_text=&#8221;PDF: Tilsynsrapport 23\/24&#8243; _builder_version=&#8221;4.27.0&#8243; _module_preset=&#8221;default&#8221; global_colors_info=&#8221;{}&#8221;][\/et_pb_button][\/et_pb_column][\/et_pb_row][\/et_pb_section]<\/p>\n","protected":false},"excerpt":{"rendered":"<p>EvalueringUndervisningsmil\u00f8jvurderingTilsynsrapporter For\u00e6ldrebestyrelsen v\u00e6lger skolens tilsynsf\u00f8rende. Vores tilsynsf\u00f8rende er Claus Diedrichsen.<\/p>\n","protected":false},"author":2,"featured_media":0,"parent":0,"menu_order":0,"comment_status":"closed","ping_status":"closed","template":"","meta":{"_et_pb_use_builder":"on","_et_pb_old_content":"","_et_gb_content_width":"","footnotes":""},"class_list":["post-912","page","type-page","status-publish","hentry"],"_links":{"self":[{"href":"https:\/\/foerde-schule-gravenstein.dk\/da\/wp-json\/wp\/v2\/pages\/912","targetHints":{"allow":["GET"]}}],"collection":[{"href":"https:\/\/foerde-schule-gravenstein.dk\/da\/wp-json\/wp\/v2\/pages"}],"about":[{"href":"https:\/\/foerde-schule-gravenstein.dk\/da\/wp-json\/wp\/v2\/types\/page"}],"author":[{"embeddable":true,"href":"https:\/\/foerde-schule-gravenstein.dk\/da\/wp-json\/wp\/v2\/users\/2"}],"replies":[{"embeddable":true,"href":"https:\/\/foerde-schule-gravenstein.dk\/da\/wp-json\/wp\/v2\/comments?post=912"}],"version-history":[{"count":5,"href":"https:\/\/foerde-schule-gravenstein.dk\/da\/wp-json\/wp\/v2\/pages\/912\/revisions"}],"predecessor-version":[{"id":1311,"href":"https:\/\/foerde-schule-gravenstein.dk\/da\/wp-json\/wp\/v2\/pages\/912\/revisions\/1311"}],"wp:attachment":[{"href":"https:\/\/foerde-schule-gravenstein.dk\/da\/wp-json\/wp\/v2\/media?parent=912"}],"curies":[{"name":"wp","href":"https:\/\/api.w.org\/{rel}","templated":true}]}}