{"id":926,"date":"2023-03-22T19:20:04","date_gmt":"2023-03-22T18:20:04","guid":{"rendered":"https:\/\/foerde-schule-gravenstein.dk\/mobning\/"},"modified":"2024-09-10T11:17:06","modified_gmt":"2024-09-10T09:17:06","slug":"mobning","status":"publish","type":"page","link":"https:\/\/foerde-schule-gravenstein.dk\/da\/mobning\/","title":{"rendered":"Mobning"},"content":{"rendered":"<p>[et_pb_section fb_built=&#8221;1&#8243; admin_label=&#8221;section&#8221; _builder_version=&#8221;4.16&#8243; global_colors_info=&#8221;{}&#8221;][et_pb_row _builder_version=&#8221;4.20.2&#8243; _module_preset=&#8221;default&#8221; global_colors_info=&#8221;{}&#8221;][et_pb_column type=&#8221;4_4&#8243; _builder_version=&#8221;4.20.2&#8243; _module_preset=&#8221;default&#8221; global_colors_info=&#8221;{}&#8221;][et_pb_slider _builder_version=&#8221;4.20.2&#8243; _module_preset=&#8221;default&#8221; background_image=&#8221;http:\/\/foerde-schule-gravenstein.dk.linux206.curanetserver.dk\/wp-content\/uploads\/2023\/03\/back-school-team-scaled.jpg&#8221; global_colors_info=&#8221;{}&#8221;][et_pb_slide _builder_version=&#8221;4.20.2&#8243; _module_preset=&#8221;default&#8221; background_image=&#8221;http:\/\/foerde-schule-gravenstein.dk.linux206.curanetserver.dk\/wp-content\/uploads\/2023\/03\/back-school-team-scaled.jpg&#8221; background_enable_image=&#8221;on&#8221; global_colors_info=&#8221;{}&#8221; sticky_transition=&#8221;on&#8221;][\/et_pb_slide][\/et_pb_slider][\/et_pb_column][\/et_pb_row][et_pb_row _builder_version=&#8221;4.20.2&#8243; _module_preset=&#8221;default&#8221; global_colors_info=&#8221;{}&#8221;][et_pb_column type=&#8221;4_4&#8243; _builder_version=&#8221;4.20.2&#8243; _module_preset=&#8221;default&#8221; global_colors_info=&#8221;{}&#8221;][et_pb_text _builder_version=&#8221;4.20.2&#8243; _module_preset=&#8221;default&#8221; global_colors_info=&#8221;{}&#8221;]<\/p>\n<h1><b>Mobning<\/b><\/h1>\n<p>[\/et_pb_text][et_pb_text _builder_version=&#8221;4.20.2&#8243; _module_preset=&#8221;default&#8221; global_colors_info=&#8221;{}&#8221;]<\/p>\n<p class=\"font_8\"><span>Overalt hvor der er mennesker, kan der opst\u00e5 mobning. De fleste konflikter kan l\u00f8ses igennem samtale. Desv\u00e6rre kan sm\u00e5 konflikter udvikle sig til mobning. Vi reagerer med det samme, hvis vi oplever mobning.<\/span><\/p>\n<p class=\"font_8\"><span>Grundlaget for denne proces er samtalen, hvor der grundl\u00e6ggende skabes et forum, hvor alle skal h\u00f8res. Vi involverer ogs\u00e5 for\u00e6ldrene.<\/span><\/p>\n<p class=\"font_8\"><span>Desv\u00e6rre sker mobning ogs\u00e5 der, hvor der ikke er l\u00e6rere til stede. Det er derfor vigtigt at for\u00e6ldre, som har set eller h\u00f8rt noget, kontakter os.<br \/>Man m\u00e5 ikke vente for l\u00e6nge med at skride til handling.<\/span><\/p>\n<p class=\"font_8\"><span>F\u00e5r skolen kendskab til mobning p\u00e5 nettet, bliver dette italesat i klassen og der igangs\u00e6ttes samtaler med de ber\u00f8rte. Cybermobning kan ogs\u00e5 finde sted uden for skolen. Vi beder om, at for\u00e6ldre kontakter os, hvis de oplever cybermobning omkring barnet. P\u00e5 de forskellige \u00e5rgange arbejdes der l\u00f8bende med brugen af og f\u00e6rden p\u00e5 de sociale medier. Kommunens tilbud benyttes fast p\u00e5 udvalgte \u00e5rgange og kan derudover t\u00e6nkes ind efter behov.<\/span><\/p>\n<p class=\"font_8\"><span>L\u00e6s vores mobningstrategi.<\/span><\/p>\n<p class=\"font_8\"><span style=\"text-decoration: underline;\"><strong><a href=\"https:\/\/foerde-schule-gravenstein.dk\/wp-content\/uploads\/2024\/05\/Antimobningsstrategi-D-FSG.pdf\">Antimobbingstrategie deutsch<\/a><\/strong><\/span><\/p>\n<p class=\"font_8\"><strong><span style=\"text-decoration: underline;\"><a href=\"https:\/\/foerde-schule-gravenstein.dk\/wp-content\/uploads\/2024\/05\/Antimobningsstrategi-DK-FSG.pdf\">Antimobningstrategi dansk<\/a><\/span><\/strong><span><\/span><\/p>\n<p class=\"font_8\"><strong><span style=\"text-decoration: underline;\"><a href=\"https:\/\/foerde-schule-gravenstein.dk\/wp-content\/uploads\/2024\/05\/Interventionskette-Mobbing.pdf\">Interventionskette (tysk)<\/a><\/span><\/strong><\/p>\n<p class=\"font_8\"><span><\/span><\/p>\n<p>[\/et_pb_text][\/et_pb_column][\/et_pb_row][\/et_pb_section]<\/p>\n","protected":false},"excerpt":{"rendered":"<p>MobningOveralt hvor der er mennesker, kan der opst\u00e5 mobning. De fleste konflikter kan l\u00f8ses igennem samtale. Desv\u00e6rre kan sm\u00e5 konflikter udvikle sig til mobning. Vi reagerer med det samme, hvis vi oplever mobning. Grundlaget for denne proces er samtalen, hvor der grundl\u00e6ggende skabes et forum, hvor alle skal h\u00f8res. Vi involverer ogs\u00e5 for\u00e6ldrene. Desv\u00e6rre sker [&hellip;]<\/p>\n","protected":false},"author":2,"featured_media":0,"parent":0,"menu_order":0,"comment_status":"closed","ping_status":"closed","template":"","meta":{"_et_pb_use_builder":"on","_et_pb_old_content":"","_et_gb_content_width":"","footnotes":""},"class_list":["post-926","page","type-page","status-publish","hentry"],"_links":{"self":[{"href":"https:\/\/foerde-schule-gravenstein.dk\/da\/wp-json\/wp\/v2\/pages\/926","targetHints":{"allow":["GET"]}}],"collection":[{"href":"https:\/\/foerde-schule-gravenstein.dk\/da\/wp-json\/wp\/v2\/pages"}],"about":[{"href":"https:\/\/foerde-schule-gravenstein.dk\/da\/wp-json\/wp\/v2\/types\/page"}],"author":[{"embeddable":true,"href":"https:\/\/foerde-schule-gravenstein.dk\/da\/wp-json\/wp\/v2\/users\/2"}],"replies":[{"embeddable":true,"href":"https:\/\/foerde-schule-gravenstein.dk\/da\/wp-json\/wp\/v2\/comments?post=926"}],"version-history":[{"count":2,"href":"https:\/\/foerde-schule-gravenstein.dk\/da\/wp-json\/wp\/v2\/pages\/926\/revisions"}],"predecessor-version":[{"id":1128,"href":"https:\/\/foerde-schule-gravenstein.dk\/da\/wp-json\/wp\/v2\/pages\/926\/revisions\/1128"}],"wp:attachment":[{"href":"https:\/\/foerde-schule-gravenstein.dk\/da\/wp-json\/wp\/v2\/media?parent=926"}],"curies":[{"name":"wp","href":"https:\/\/api.w.org\/{rel}","templated":true}]}}