{"id":943,"date":"2023-03-21T14:17:36","date_gmt":"2023-03-21T13:17:36","guid":{"rendered":"https:\/\/foerde-schule-gravenstein.dk\/startside\/"},"modified":"2026-02-05T10:00:22","modified_gmt":"2026-02-05T09:00:22","slug":"startside","status":"publish","type":"page","link":"https:\/\/foerde-schule-gravenstein.dk\/da\/","title":{"rendered":"Startside"},"content":{"rendered":"<p>[et_pb_section fb_built=&#8221;1&#8243; _builder_version=&#8221;4.21.0&#8243; _module_preset=&#8221;default&#8221; custom_padding=&#8221;0px||0px||false|false&#8221; global_colors_info=&#8221;{}&#8221;][et_pb_row _builder_version=&#8221;4.20.2&#8243; _module_preset=&#8221;default&#8221; width=&#8221;100%&#8221; max_width=&#8221;100%&#8221; custom_padding=&#8221;0px||0px||false|false&#8221; global_colors_info=&#8221;{}&#8221;][et_pb_column type=&#8221;4_4&#8243; _builder_version=&#8221;4.20.2&#8243; _module_preset=&#8221;default&#8221; global_colors_info=&#8221;{}&#8221;][et_pb_slider _builder_version=&#8221;4.23.1&#8243; _module_preset=&#8221;default&#8221; custom_padding=&#8221;|||0px|false|false&#8221; global_colors_info=&#8221;{}&#8221;][et_pb_slide heading=&#8221;Willkommen in der F\u00f6rde-Schule Gravenstein&#8221; use_bg_overlay=&#8221;on&#8221; bg_overlay_color=&#8221;rgba(0,0,0,0.55)&#8221; content_tablet=&#8221;<\/p>\n<p>Lernen und Spielen in sch\u00f6nster Umgebung<\/p>\n<p>&#8221; content_phone=&#8221;&#8221; content_last_edited=&#8221;on|desktop&#8221; _builder_version=&#8221;4.23.1&#8243; _module_preset=&#8221;default&#8221; header_level=&#8221;h2&#8243; header_text_align=&#8221;center&#8221; header_font_size=&#8221;60px&#8221; body_font_size=&#8221;18px&#8221; body_line_height=&#8221;1.3em&#8221; background_enable_color=&#8221;off&#8221; background_image=&#8221;http:\/\/foerde-schule-gravenstein.dk.linux206.curanetserver.dk\/wp-content\/uploads\/2023\/03\/Motionstag-Aufwaermung-scaled.jpg&#8221; background_enable_image=&#8221;on&#8221; parallax=&#8221;on&#8221; header_text_align_tablet=&#8221;center&#8221; header_text_align_phone=&#8221;center&#8221; header_text_align_last_edited=&#8221;on|phone&#8221; header_font_size_tablet=&#8221;60px&#8221; header_font_size_phone=&#8221;25px&#8221; header_font_size_last_edited=&#8221;on|phone&#8221; body_font_size_tablet=&#8221;18px&#8221; body_font_size_phone=&#8221;13px&#8221; body_font_size_last_edited=&#8221;on|phone&#8221; global_colors_info=&#8221;{}&#8221; sticky_transition=&#8221;on&#8221;]<\/p>\n<p>Dejlige omgivelser at l\u00e6re og lege i<\/p>\n<p>[\/et_pb_slide][\/et_pb_slider][\/et_pb_column][\/et_pb_row][\/et_pb_section][et_pb_section fb_built=&#8221;1&#8243; admin_label=&#8221;section&#8221; _builder_version=&#8221;4.16&#8243; global_colors_info=&#8221;{}&#8221;][et_pb_row _builder_version=&#8221;4.20.2&#8243; _module_preset=&#8221;default&#8221; global_colors_info=&#8221;{}&#8221;][et_pb_column type=&#8221;4_4&#8243; _builder_version=&#8221;4.20.2&#8243; _module_preset=&#8221;default&#8221; global_colors_info=&#8221;{}&#8221;][et_pb_text _builder_version=&#8221;4.21.0&#8243; _module_preset=&#8221;default&#8221; global_colors_info=&#8221;{}&#8221;]<\/p>\n<h1 class=\"font_8\" style=\"text-align: center;\"><strong>Giv os din stemme<\/strong><\/h1>\n<h1 class=\"font_8\" style=\"text-align: center;\">KREA-Forskerbakken: Et bl\u00e5t-gr\u00f8nt m\u00f8dested for hele Gr\u00e5sten<\/h1>\n<p class=\"font_8\" style=\"text-align: center;\"><em data-start=\"157\" data-end=\"391\">St\u00f8t vores ans\u00f8gning til Realdania Underv\u00e6rker ved at deltage i afstemningen og give din stemme. Din deltagelse er vigtig for den mulige realisering af KREA-Forskerbakken som et bl\u00e5t-gr\u00f8nt m\u00f8dested for hele Gr\u00e5sten. F\u00f8lg linket her:<\/em><br data-start=\"391\" data-end=\"394\" \/><a data-start=\"394\" data-end=\"494\" rel=\"noopener\" target=\"_new\" class=\"decorated-link\" data-is-only-node=\"\" href=\"https:\/\/undervaerker.dk\/udforsk\/2026\/krea-forskerbakken-et-blaat-groent-moedested-for-hele-graasten\/\"><span style=\"font-size: large;\"><strong>https:\/\/undervaerker.dk\/udforsk\/2026\/krea-forskerbakken-et-blaat-groent-moedested-for-hele-graasten\/<\/strong><\/span><\/a><\/p>\n<p><span style=\"font-size: large;\">\u00a0<\/span><\/p>\n<p>[\/et_pb_text][\/et_pb_column][\/et_pb_row][et_pb_row column_structure=&#8221;1_3,1_3,1_3&#8243; _builder_version=&#8221;4.27.5&#8243; _module_preset=&#8221;default&#8221; global_colors_info=&#8221;{}&#8221;][et_pb_column type=&#8221;1_3&#8243; _builder_version=&#8221;4.27.5&#8243; _module_preset=&#8221;default&#8221; global_colors_info=&#8221;{}&#8221;][\/et_pb_column][et_pb_column type=&#8221;1_3&#8243; _builder_version=&#8221;4.27.5&#8243; _module_preset=&#8221;default&#8221; global_colors_info=&#8221;{}&#8221;][et_pb_image src=&#8221;https:\/\/foerde-schule-gravenstein.dk\/wp-content\/uploads\/2026\/02\/bakke-efter-2-1.webp&#8221; title_text=&#8221;bakke-efter-2-1&#8243; url=&#8221;https:\/\/undervaerker.dk\/udforsk\/2026\/krea-forskerbakken-et-blaat-groent-moedested-for-hele-graasten\/&#8221; _builder_version=&#8221;4.27.5&#8243; _module_preset=&#8221;default&#8221; custom_margin=&#8221;|-158px||-140px||&#8221; custom_padding=&#8221;|0px|5px|||&#8221; locked=&#8221;off&#8221; global_colors_info=&#8221;{}&#8221;][\/et_pb_image][\/et_pb_column][et_pb_column type=&#8221;1_3&#8243; _builder_version=&#8221;4.27.5&#8243; _module_preset=&#8221;default&#8221; global_colors_info=&#8221;{}&#8221;][\/et_pb_column][\/et_pb_row][et_pb_row _builder_version=&#8221;4.20.2&#8243; _module_preset=&#8221;default&#8221; global_colors_info=&#8221;{}&#8221;][et_pb_column type=&#8221;4_4&#8243; _builder_version=&#8221;4.20.2&#8243; _module_preset=&#8221;default&#8221; global_colors_info=&#8221;{}&#8221;][et_pb_text _builder_version=&#8221;4.21.0&#8243; _module_preset=&#8221;default&#8221; global_colors_info=&#8221;{}&#8221;]<\/p>\n<h1 class=\"font_8\"><strong>Velkommen!<\/strong><\/h1>\n<p class=\"font_8\"><span>Vi h\u00e5ber, at b\u00e5de tidligere, nuv\u00e6rende og kommende elever, for\u00e6ldre og bedstefor\u00e6ldre kan bruge vores hjemmeside til at finde de informationer, som netop I har brug for.<\/span><\/p>\n<p class=\"font_8\"><span>Samtidig h\u00e5ber vi dog ogs\u00e5, at alle, der m\u00e5tte v\u00e6re blevet interesseret i vores dejlige skole, vil l\u00e6gge vejen forbi skolen. Det er den eneste m\u00e5de, hvorp\u00e5 man virkelig kan f\u00e5 et indtryk af den stemning og det liv, der er p\u00e5 skolen.<\/span><\/p>\n<p class=\"font_8\"><span>Intet kan erstatte den personlige kontakt! Kom og m\u00f8d os personligt, oplev vore lokaler, vores strand, vores dyr, vores bygninger, vores l\u00e6rere samt vores dejlige natur- og udenomsarealer!<\/span><\/p>\n<p class=\"font_8\"><span>Vi gl\u00e6der os til at kunne hilse p\u00e5 jer!<\/span><\/p>\n<p>&nbsp;<\/p>\n<p>[\/et_pb_text][\/et_pb_column][\/et_pb_row][\/et_pb_section][et_pb_section fb_built=&#8221;1&#8243; _builder_version=&#8221;4.20.2&#8243; _module_preset=&#8221;default&#8221; background_color=&#8221;#1d56c6&#8243; global_colors_info=&#8221;{}&#8221;][et_pb_row _builder_version=&#8221;4.20.2&#8243; _module_preset=&#8221;default&#8221; custom_padding=&#8221;0px||0px||false|false&#8221; global_colors_info=&#8221;{}&#8221;][et_pb_column type=&#8221;4_4&#8243; _builder_version=&#8221;4.20.2&#8243; _module_preset=&#8221;default&#8221; global_colors_info=&#8221;{}&#8221;][et_pb_text content_tablet=&#8221;&#8221; content_phone=&#8221;&#8221; content_last_edited=&#8221;on|phone&#8221; _builder_version=&#8221;4.27.4&#8243; _module_preset=&#8221;default&#8221; global_colors_info=&#8221;{}&#8221;]<\/p>\n<h2><span style=\"color: #ffffff;\"><strong>Quicklinks<\/strong><\/span><\/h2>\n<p>[\/et_pb_text][\/et_pb_column][\/et_pb_row][\/et_pb_section][et_pb_section fb_built=&#8221;1&#8243; _builder_version=&#8221;4.20.2&#8243; _module_preset=&#8221;default&#8221; global_colors_info=&#8221;{}&#8221;][et_pb_row column_structure=&#8221;1_4,1_4,1_4,1_4&#8243; _builder_version=&#8221;4.20.2&#8243; _module_preset=&#8221;default&#8221; global_colors_info=&#8221;{}&#8221;][et_pb_column type=&#8221;1_4&#8243; _builder_version=&#8221;4.20.2&#8243; _module_preset=&#8221;default&#8221; global_colors_info=&#8221;{}&#8221;][et_pb_blurb title=&#8221;Rundskrivelser&#8221; use_icon=&#8221;on&#8221; font_icon=&#8221;&#xf5da;||fa||900&#8243; _builder_version=&#8221;4.21.0&#8243; _dynamic_attributes=&#8221;link_option_url&#8221; _module_preset=&#8221;default&#8221; header_font=&#8221;|700|||||||&#8221; link_option_url=&#8221;@ET-DC@eyJkeW5hbWljIjp0cnVlLCJjb250ZW50IjoicG9zdF9saW5rX3VybF9wYWdlIiwic2V0dGluZ3MiOnsicG9zdF9pZCI6IjI1NiIsImVuYWJsZV9odG1sIjoib2ZmIn19@&#8221; global_colors_info=&#8221;{}&#8221;]<\/p>\n<p>L\u00e6s om hvad der sker i F\u00f6rdekreis.<\/p>\n<p>[\/et_pb_blurb][\/et_pb_column][et_pb_column type=&#8221;1_4&#8243; _builder_version=&#8221;4.20.2&#8243; _module_preset=&#8221;default&#8221; global_colors_info=&#8221;{}&#8221;][et_pb_blurb title=&#8221;SFO&#8221; use_icon=&#8221;on&#8221; font_icon=&#8221;&#xf45f;||fa||900&#8243; _builder_version=&#8221;4.21.0&#8243; _dynamic_attributes=&#8221;link_option_url&#8221; _module_preset=&#8221;default&#8221; header_font=&#8221;|700|||||||&#8221; link_option_url=&#8221;@ET-DC@eyJkeW5hbWljIjp0cnVlLCJjb250ZW50IjoicG9zdF9saW5rX3VybF9wYWdlIiwic2V0dGluZ3MiOnsicG9zdF9pZCI6IjIxNSIsImVuYWJsZV9odG1sIjoib2ZmIn19@&#8221; global_colors_info=&#8221;{}&#8221;]<\/p>\n<p>Mere om vores SFO.<\/p>\n<p>[\/et_pb_blurb][\/et_pb_column][et_pb_column type=&#8221;1_4&#8243; _builder_version=&#8221;4.20.2&#8243; _module_preset=&#8221;default&#8221; global_colors_info=&#8221;{}&#8221;][et_pb_blurb title=&#8221;Ferieplaner&#8221; use_icon=&#8221;on&#8221; font_icon=&#8221;&#xf073;||fa||400&#8243; _builder_version=&#8221;4.20.2&#8243; _dynamic_attributes=&#8221;link_option_url&#8221; _module_preset=&#8221;default&#8221; header_font=&#8221;|700|||||||&#8221; link_option_url=&#8221;@ET-DC@eyJkeW5hbWljIjp0cnVlLCJjb250ZW50IjoicG9zdF9saW5rX3VybF9wYWdlIiwic2V0dGluZ3MiOnsicG9zdF9pZCI6IjE3MiIsImVuYWJsZV9odG1sIjoib2ZmIn19@&#8221; global_colors_info=&#8221;{}&#8221;]<\/p>\n<p>Til oversigten.<\/p>\n<p>[\/et_pb_blurb][\/et_pb_column][et_pb_column type=&#8221;1_4&#8243; _builder_version=&#8221;4.20.2&#8243; _module_preset=&#8221;default&#8221; global_colors_info=&#8221;{}&#8221;][et_pb_blurb title=&#8221;Skolens regler&#8221; use_icon=&#8221;on&#8221; font_icon=&#8221;&#xf5ae;||fa||900&#8243; _builder_version=&#8221;4.20.2&#8243; _dynamic_attributes=&#8221;link_option_url&#8221; _module_preset=&#8221;default&#8221; header_font=&#8221;|700|||||||&#8221; link_option_url=&#8221;@ET-DC@eyJkeW5hbWljIjp0cnVlLCJjb250ZW50IjoicG9zdF9saW5rX3VybF9wYWdlIiwic2V0dGluZ3MiOnsicG9zdF9pZCI6IjYwIiwiZW5hYmxlX2h0bWwiOiJvZmYifX0=@&#8221; global_colors_info=&#8221;{}&#8221;]<\/p>\n<p>Vi \u00f8nsker at alle skal have det godt.<\/p>\n<p>[\/et_pb_blurb][\/et_pb_column][\/et_pb_row][et_pb_row column_structure=&#8221;1_4,1_4,1_4,1_4&#8243; _builder_version=&#8221;4.20.2&#8243; _module_preset=&#8221;default&#8221; global_colors_info=&#8221;{}&#8221;][et_pb_column type=&#8221;1_4&#8243; _builder_version=&#8221;4.20.2&#8243; _module_preset=&#8221;default&#8221; global_colors_info=&#8221;{}&#8221;][et_pb_blurb title=&#8221;Vores v\u00e6rdier&#8221; use_icon=&#8221;on&#8221; font_icon=&#8221;&#xf4be;||fa||900&#8243; _builder_version=&#8221;4.21.0&#8243; _module_preset=&#8221;default&#8221; header_font=&#8221;|700|||||||&#8221; link_option_url=&#8221;http:\/\/foerde-schule-gravenstein.dk\/wertegrundlage-des-dssv\/&#8221; global_colors_info=&#8221;{}&#8221;]<\/p>\n<p>Vi arbejder efter DSSVs v\u00e6rdigrundlag.<\/p>\n<p>[\/et_pb_blurb][\/et_pb_column][et_pb_column type=&#8221;1_4&#8243; _builder_version=&#8221;4.20.2&#8243; _module_preset=&#8221;default&#8221; global_colors_info=&#8221;{}&#8221;][et_pb_blurb title=&#8221;Kontakt&#8221; use_icon=&#8221;on&#8221; font_icon=&#8221;&#xe00b;||divi||400&#8243; _builder_version=&#8221;4.21.0&#8243; _module_preset=&#8221;default&#8221; header_font=&#8221;|700|||||||&#8221; link_option_url=&#8221;https:\/\/foerde-schule-gravenstein.dk\/kontakt\/&#8221; global_colors_info=&#8221;{}&#8221;]<\/p>\n<p>S\u00e5dan kan du kontakte os.<\/p>\n<p>[\/et_pb_blurb][\/et_pb_column][et_pb_column type=&#8221;1_4&#8243; _builder_version=&#8221;4.20.2&#8243; _module_preset=&#8221;default&#8221; global_colors_info=&#8221;{}&#8221;][et_pb_blurb title=&#8221;Ringetider&#8221; use_icon=&#8221;on&#8221; font_icon=&#8221;&#xf017;||fa||400&#8243; _builder_version=&#8221;4.21.0&#8243; _module_preset=&#8221;default&#8221; header_font=&#8221;|700|||||||&#8221; link_option_url=&#8221;https:\/\/foerde-schule-gravenstein.dk\/klingelzeiten\/&#8221; global_colors_info=&#8221;{}&#8221;]<\/p>\n<p>Skoledagen er inddelt i moduler. Til oversigten.<\/p>\n<p>[\/et_pb_blurb][\/et_pb_column][et_pb_column type=&#8221;1_4&#8243; _builder_version=&#8221;4.20.2&#8243; _module_preset=&#8221;default&#8221; global_colors_info=&#8221;{}&#8221;][et_pb_blurb title=&#8221;Vores profil&#8221; use_icon=&#8221;on&#8221; font_icon=&#8221;&#xf2bb;||fa||400&#8243; _builder_version=&#8221;4.21.0&#8243; _dynamic_attributes=&#8221;link_option_url&#8221; _module_preset=&#8221;default&#8221; header_font=&#8221;|700|||||||&#8221; link_option_url=&#8221;@ET-DC@eyJkeW5hbWljIjp0cnVlLCJjb250ZW50IjoicG9zdF9saW5rX3VybF9wYWdlIiwic2V0dGluZ3MiOnsicG9zdF9pZCI6IjQ4IiwiZW5hYmxlX2h0bWwiOiJvZmYifX0=@&#8221; global_colors_info=&#8221;{}&#8221;]<\/p>\n<p>L\u00e6s mere om skolen.<\/p>\n<p>[\/et_pb_blurb][\/et_pb_column][\/et_pb_row][\/et_pb_section][et_pb_section fb_built=&#8221;1&#8243; _builder_version=&#8221;4.20.2&#8243; _module_preset=&#8221;default&#8221; background_color=&#8221;#1d56c6&#8243; global_colors_info=&#8221;{}&#8221;][et_pb_row _builder_version=&#8221;4.20.2&#8243; _module_preset=&#8221;default&#8221; custom_padding=&#8221;0px||0px||false|false&#8221; global_colors_info=&#8221;{}&#8221;][et_pb_column type=&#8221;4_4&#8243; _builder_version=&#8221;4.20.2&#8243; _module_preset=&#8221;default&#8221; global_colors_info=&#8221;{}&#8221;][et_pb_text _builder_version=&#8221;4.27.4&#8243; _module_preset=&#8221;default&#8221; custom_margin=&#8221;||||false|false&#8221; global_colors_info=&#8221;{}&#8221;]<\/p>\n<h2><span style=\"color: #ffffff;\"><strong>Foreninger<\/strong><\/span><\/h2>\n<p>[\/et_pb_text][\/et_pb_column][\/et_pb_row][\/et_pb_section][et_pb_section fb_built=&#8221;1&#8243; _builder_version=&#8221;4.20.2&#8243; _module_preset=&#8221;default&#8221; global_colors_info=&#8221;{}&#8221;][et_pb_row column_structure=&#8221;1_5,1_5,1_5,1_5,1_5&#8243; _builder_version=&#8221;4.24.2&#8243; _module_preset=&#8221;default&#8221; global_colors_info=&#8221;{}&#8221;][et_pb_column type=&#8221;1_5&#8243; _builder_version=&#8221;4.20.2&#8243; _module_preset=&#8221;default&#8221; global_colors_info=&#8221;{}&#8221;][et_pb_blurb title=&#8221;Deutscher Schul- und Sprachverein&#8221; url_new_window=&#8221;on&#8221; image=&#8221;http:\/\/foerde-schule-gravenstein.dk.linux206.curanetserver.dk\/wp-content\/uploads\/2023\/03\/DSSV_RGB-300&#215;167.png&#8221; _builder_version=&#8221;4.24.2&#8243; _module_preset=&#8221;default&#8221; header_font=&#8221;|700|||||||&#8221; body_line_height=&#8221;1.5em&#8221; link_option_url=&#8221;www.dssv.dk&#8221; link_option_url_new_window=&#8221;on&#8221; global_colors_info=&#8221;{}&#8221;]<\/p>\n<p>Tyske skoler og daginstitutioner i Nordslesvig.<\/p>\n<p>[\/et_pb_blurb][\/et_pb_column][et_pb_column type=&#8221;1_5&#8243; _builder_version=&#8221;4.20.2&#8243; _module_preset=&#8221;default&#8221; global_colors_info=&#8221;{}&#8221;][et_pb_blurb title=&#8221;Deutsche Kinderg\u00e4rten Sonderburg&#8221; url_new_window=&#8221;on&#8221; image=&#8221;https:\/\/foerde-schule-gravenstein.dk\/wp-content\/uploads\/2024\/03\/DKSLogoMenu.png&#8221; _builder_version=&#8221;4.24.2&#8243; _module_preset=&#8221;default&#8221; header_font=&#8221;|700|||||||&#8221; body_line_height=&#8221;1.5em&#8221; link_option_url_new_window=&#8221;on&#8221; global_colors_info=&#8221;{}&#8221;]<\/p>\n<p><strong><a href=\"https:\/\/dksonderburg.dk\/gravenstein\/\" target=\"_blank\" rel=\"noopener\">Deutscher Kindergarten Gravenstein<\/a><\/strong><\/p>\n<p><strong><a href=\"https:\/\/dksonderburg.dk\/broacker\/\" target=\"_blank\" rel=\"noopener\">Deutscher Kindergarten Broacker<\/a><\/strong><\/p>\n<p>[\/et_pb_blurb][\/et_pb_column][et_pb_column type=&#8221;1_5&#8243; _builder_version=&#8221;4.20.2&#8243; _module_preset=&#8221;default&#8221; global_colors_info=&#8221;{}&#8221;][et_pb_blurb title=&#8221;Bund Deutscher Nordschleswiger&#8221; image=&#8221;http:\/\/foerde-schule-gravenstein.dk.linux206.curanetserver.dk\/wp-content\/uploads\/2023\/03\/Wappen_RGB-150&#215;150.jpg&#8221; _builder_version=&#8221;4.24.2&#8243; _module_preset=&#8221;default&#8221; header_font=&#8221;|700|||||||&#8221; body_line_height=&#8221;1.5em&#8221; link_option_url=&#8221;www.bdn.dk\/foerdekreis&#8221; link_option_url_new_window=&#8221;on&#8221; global_colors_info=&#8221;{}&#8221;]<\/p>\n<p>Kultur- og fritidstilbud i Graasten \/ Gravenstein<\/p>\n<p>[\/et_pb_blurb][\/et_pb_column][et_pb_column type=&#8221;1_5&#8243; _builder_version=&#8221;4.20.2&#8243; _module_preset=&#8221;default&#8221; global_colors_info=&#8221;{}&#8221;][et_pb_blurb title=&#8221;Deutscher Ruderverein Gravenstein&#8221; image=&#8221;https:\/\/foerde-schule-gravenstein.dk\/wp-content\/uploads\/2023\/07\/wappen.png&#8221; _builder_version=&#8221;4.24.2&#8243; _module_preset=&#8221;default&#8221; header_font=&#8221;|700|||||||&#8221; body_line_height=&#8221;1.5em&#8221; link_option_url=&#8221;www.drg.nrv.dk&#8221; link_option_url_new_window=&#8221;on&#8221; global_colors_info=&#8221;{}&#8221;]<\/p>\n<p>Roning er sjovt og sundt for hele familien. <\/p>\n<p>[\/et_pb_blurb][\/et_pb_column][et_pb_column type=&#8221;1_5&#8243; _builder_version=&#8221;4.20.2&#8243; _module_preset=&#8221;default&#8221; global_colors_info=&#8221;{}&#8221;][et_pb_blurb title=&#8221;Sozialdienst F\u00f6rdekreis&#8221; image=&#8221;http:\/\/foerde-schule-gravenstein.dk.linux206.curanetserver.dk\/wp-content\/uploads\/2023\/03\/Sozialdienst-Nordschleswig_RGB.png&#8221; _builder_version=&#8221;4.24.2&#8243; _module_preset=&#8221;default&#8221; header_font=&#8221;|700|||||||&#8221; link_option_url=&#8221;www.sozialdienst.dk&#8221; link_option_url_new_window=&#8221;on&#8221; global_colors_info=&#8221;{}&#8221;]<\/p>\n<p>Tilbud til hele familien.<\/p>\n<p>[\/et_pb_blurb][\/et_pb_column][\/et_pb_row][\/et_pb_section][et_pb_section fb_built=&#8221;1&#8243; _builder_version=&#8221;4.20.2&#8243; _module_preset=&#8221;default&#8221; background_color=&#8221;#1d56c6&#8243; global_colors_info=&#8221;{}&#8221;][et_pb_row _builder_version=&#8221;4.20.2&#8243; _module_preset=&#8221;default&#8221; custom_padding=&#8221;0px||0px||false|false&#8221; global_colors_info=&#8221;{}&#8221;][et_pb_column type=&#8221;4_4&#8243; _builder_version=&#8221;4.20.2&#8243; _module_preset=&#8221;default&#8221; global_colors_info=&#8221;{}&#8221;][et_pb_text _builder_version=&#8221;4.27.4&#8243; _module_preset=&#8221;default&#8221; global_colors_info=&#8221;{}&#8221;]<\/p>\n<h2><span style=\"color: #ffffff;\"><strong>Det tyske mindretal i S\u00f8nderjylland<\/strong><\/span><\/h2>\n<p>[\/et_pb_text][\/et_pb_column][\/et_pb_row][\/et_pb_section][et_pb_section fb_built=&#8221;1&#8243; admin_label=&#8221;section&#8221; _builder_version=&#8221;4.16&#8243; global_colors_info=&#8221;{}&#8221;][et_pb_row _builder_version=&#8221;4.20.2&#8243; _module_preset=&#8221;default&#8221; global_colors_info=&#8221;{}&#8221;][et_pb_column type=&#8221;4_4&#8243; _builder_version=&#8221;4.20.2&#8243; _module_preset=&#8221;default&#8221; global_colors_info=&#8221;{}&#8221;][et_pb_text _builder_version=&#8221;4.27.4&#8243; _module_preset=&#8221;default&#8221; global_colors_info=&#8221;{}&#8221;]<\/p>\n<p><iframe loading=\"lazy\" title=\"Det tyske mindretal i Nordslesvig \u2013 Fra begyndelsen\" src=\"https:\/\/player.vimeo.com\/video\/1045272688?dnt=1&amp;app_id=122963\" width=\"1080\" height=\"608\" frameborder=\"0\" allow=\"autoplay; fullscreen; picture-in-picture; clipboard-write; encrypted-media\"><\/iframe><\/p>\n<p>[\/et_pb_text][\/et_pb_column][\/et_pb_row][et_pb_row _builder_version=&#8221;4.20.2&#8243; _module_preset=&#8221;default&#8221; global_colors_info=&#8221;{}&#8221;][et_pb_column type=&#8221;4_4&#8243; _builder_version=&#8221;4.20.2&#8243; _module_preset=&#8221;default&#8221; global_colors_info=&#8221;{}&#8221;][et_pb_text _builder_version=&#8221;4.20.2&#8243; _module_preset=&#8221;default&#8221; global_colors_info=&#8221;{}&#8221;]<\/p>\n<p><iframe loading=\"lazy\" title=\"\u201eWillkommen in der deutschen Minderheit in Nordschleswig\u201c\" src=\"https:\/\/player.vimeo.com\/video\/786287735?dnt=1&amp;app_id=122963\" width=\"1080\" height=\"608\" frameborder=\"0\" allow=\"autoplay; fullscreen; picture-in-picture; clipboard-write\"><\/iframe><\/p>\n<p>[\/et_pb_text][\/et_pb_column][\/et_pb_row][et_pb_row _builder_version=&#8221;4.20.2&#8243; _module_preset=&#8221;default&#8221; global_colors_info=&#8221;{}&#8221;][et_pb_column type=&#8221;4_4&#8243; _builder_version=&#8221;4.20.2&#8243; _module_preset=&#8221;default&#8221; global_colors_info=&#8221;{}&#8221;][et_pb_button button_url=&#8221;http:\/\/www.nordschleswig.dk&#8221; url_new_window=&#8221;on&#8221; button_text=&#8221;www.nordschleswig.dk&#8221; _builder_version=&#8221;4.20.2&#8243; _module_preset=&#8221;default&#8221; global_colors_info=&#8221;{}&#8221;][\/et_pb_button][\/et_pb_column][\/et_pb_row][\/et_pb_section]<\/p>\n","protected":false},"excerpt":{"rendered":"<p>Dejlige omgivelser at l\u00e6re og lege iGiv os din stemme KREA-Forskerbakken: Et bl\u00e5t-gr\u00f8nt m\u00f8dested for hele Gr\u00e5sten St\u00f8t vores ans\u00f8gning til Realdania Underv\u00e6rker ved at deltage i afstemningen og give din stemme. Din deltagelse er vigtig for den mulige realisering af KREA-Forskerbakken som et bl\u00e5t-gr\u00f8nt m\u00f8dested for hele Gr\u00e5sten. F\u00f8lg linket her:https:\/\/undervaerker.dk\/udforsk\/2026\/krea-forskerbakken-et-blaat-groent-moedested-for-hele-graasten\/ \u00a0Velkommen! Vi h\u00e5ber, [&hellip;]<\/p>\n","protected":false},"author":1,"featured_media":0,"parent":0,"menu_order":0,"comment_status":"closed","ping_status":"closed","template":"","meta":{"_et_pb_use_builder":"on","_et_pb_old_content":"","_et_gb_content_width":"","footnotes":""},"class_list":["post-943","page","type-page","status-publish","hentry"],"_links":{"self":[{"href":"https:\/\/foerde-schule-gravenstein.dk\/da\/wp-json\/wp\/v2\/pages\/943","targetHints":{"allow":["GET"]}}],"collection":[{"href":"https:\/\/foerde-schule-gravenstein.dk\/da\/wp-json\/wp\/v2\/pages"}],"about":[{"href":"https:\/\/foerde-schule-gravenstein.dk\/da\/wp-json\/wp\/v2\/types\/page"}],"author":[{"embeddable":true,"href":"https:\/\/foerde-schule-gravenstein.dk\/da\/wp-json\/wp\/v2\/users\/1"}],"replies":[{"embeddable":true,"href":"https:\/\/foerde-schule-gravenstein.dk\/da\/wp-json\/wp\/v2\/comments?post=943"}],"version-history":[{"count":5,"href":"https:\/\/foerde-schule-gravenstein.dk\/da\/wp-json\/wp\/v2\/pages\/943\/revisions"}],"predecessor-version":[{"id":1333,"href":"https:\/\/foerde-schule-gravenstein.dk\/da\/wp-json\/wp\/v2\/pages\/943\/revisions\/1333"}],"wp:attachment":[{"href":"https:\/\/foerde-schule-gravenstein.dk\/da\/wp-json\/wp\/v2\/media?parent=943"}],"curies":[{"name":"wp","href":"https:\/\/api.w.org\/{rel}","templated":true}]}}