{"id":948,"date":"2023-03-23T16:31:12","date_gmt":"2023-03-23T15:31:12","guid":{"rendered":"https:\/\/foerde-schule-gravenstein.dk\/priser\/"},"modified":"2026-04-30T09:16:14","modified_gmt":"2026-04-30T07:16:14","slug":"priser","status":"publish","type":"page","link":"https:\/\/foerde-schule-gravenstein.dk\/da\/priser\/","title":{"rendered":"Priser"},"content":{"rendered":"<p>[et_pb_section fb_built=&#8221;1&#8243; admin_label=&#8221;section&#8221; _builder_version=&#8221;4.16&#8243; global_colors_info=&#8221;{}&#8221;][et_pb_row _builder_version=&#8221;4.20.2&#8243; _module_preset=&#8221;default&#8221; global_colors_info=&#8221;{}&#8221;][et_pb_column type=&#8221;4_4&#8243; _builder_version=&#8221;4.20.2&#8243; _module_preset=&#8221;default&#8221; global_colors_info=&#8221;{}&#8221;][et_pb_slider _builder_version=&#8221;4.20.2&#8243; _module_preset=&#8221;default&#8221; global_colors_info=&#8221;{}&#8221;][et_pb_slide _builder_version=&#8221;4.20.2&#8243; _module_preset=&#8221;default&#8221; background_image=&#8221;http:\/\/foerde-schule-gravenstein.dk\/wp-content\/uploads\/2023\/03\/853c7c_631df85dd82243ac93edbb4e74ec87dc_mv2_d_2048_1361_s_2.webp&#8221; background_enable_image=&#8221;on&#8221; global_colors_info=&#8221;{}&#8221; sticky_transition=&#8221;on&#8221;][\/et_pb_slide][et_pb_slide _builder_version=&#8221;4.20.2&#8243; _module_preset=&#8221;default&#8221; background_image=&#8221;http:\/\/foerde-schule-gravenstein.dk\/wp-content\/uploads\/2023\/03\/853c7c_4cc77357ac4145cdb88aa9377b61ff69_mv2_d_2048_1536_s_2.webp&#8221; background_enable_image=&#8221;on&#8221; global_colors_info=&#8221;{}&#8221; sticky_transition=&#8221;on&#8221;][\/et_pb_slide][et_pb_slide _builder_version=&#8221;4.20.2&#8243; _module_preset=&#8221;default&#8221; background_image=&#8221;http:\/\/foerde-schule-gravenstein.dk\/wp-content\/uploads\/2023\/03\/853c7c_9e6f1cb4129942b6ae93f27e8d85ed85_mv2.webp&#8221; background_enable_image=&#8221;on&#8221; global_colors_info=&#8221;{}&#8221; sticky_transition=&#8221;on&#8221;][\/et_pb_slide][et_pb_slide _builder_version=&#8221;4.20.2&#8243; _module_preset=&#8221;default&#8221; background_image=&#8221;http:\/\/foerde-schule-gravenstein.dk\/wp-content\/uploads\/2023\/03\/853c7c_a909f8f577cd4aa384b3ba04160db8c2_mv2_d_2048_1361_s_2.webp&#8221; background_enable_image=&#8221;on&#8221; global_colors_info=&#8221;{}&#8221; sticky_transition=&#8221;on&#8221;][\/et_pb_slide][\/et_pb_slider][\/et_pb_column][\/et_pb_row][et_pb_row _builder_version=&#8221;4.20.2&#8243; _module_preset=&#8221;default&#8221; global_colors_info=&#8221;{}&#8221;][et_pb_column type=&#8221;4_4&#8243; _builder_version=&#8221;4.20.2&#8243; _module_preset=&#8221;default&#8221; global_colors_info=&#8221;{}&#8221;][et_pb_text _builder_version=&#8221;4.20.2&#8243; _module_preset=&#8221;default&#8221; global_colors_info=&#8221;{}&#8221;]<\/p>\n<h1><strong>Priser<\/strong><\/h1>\n<p>[\/et_pb_text][\/et_pb_column][\/et_pb_row][et_pb_row column_structure=&#8221;3_5,2_5&#8243; _builder_version=&#8221;4.20.2&#8243; _module_preset=&#8221;default&#8221; global_colors_info=&#8221;{}&#8221;][et_pb_column type=&#8221;3_5&#8243; _builder_version=&#8221;4.20.2&#8243; _module_preset=&#8221;default&#8221; global_colors_info=&#8221;{}&#8221;][et_pb_text _builder_version=&#8221;4.20.2&#8243; _module_preset=&#8221;default&#8221; text_font_size=&#8221;15px&#8221; global_colors_info=&#8221;{}&#8221;]<\/p>\n<div id=\"comp-jp6zen6a\" class=\"BaOVQ8 tz5f0K comp-jp6zen6a wixui-rich-text\" data-testid=\"richTextElement\">\n<p class=\"font_0\"><span style=\"font-size: 16px;\">Der kan s\u00f8ges om fripladser. Ans\u00f8gninger behandles i henhold til g\u00e6ldende kommunale regler. S\u00f8nderborg Kommune: Der kan l\u00f8bende s\u00f8ges om friplads. Aabenraa Kommune: Der skal s\u00f8ges om friplads senest i September. Kontakt os. <\/span><\/p>\n<p class=\"font_0\">Der kan s\u00f8ges om s\u00f8skenderabat i henhold til g\u00e6ldende kommunale regler. Kommunen har besluttet at der fra 3. klasse ikke kan s\u00f8ges om s\u00f8skenderabat.<\/p>\n<\/div>\n<p>[\/et_pb_text][\/et_pb_column][et_pb_column type=&#8221;2_5&#8243; _builder_version=&#8221;4.20.2&#8243; _module_preset=&#8221;default&#8221; global_colors_info=&#8221;{}&#8221;][et_pb_text _builder_version=&#8221;4.20.2&#8243; _module_preset=&#8221;default&#8221; global_colors_info=&#8221;{}&#8221;]<span><strong>Bankforbindelse<\/strong><br \/>\nKreditbanken <\/span><br \/>\n<span>Reg.nr. 7930  <\/span><br \/>\n<span>Kontonr. 201049-5<\/span>[\/et_pb_text][\/et_pb_column][\/et_pb_row][\/et_pb_section][et_pb_section fb_built=&#8221;1&#8243; _builder_version=&#8221;4.20.2&#8243; _module_preset=&#8221;default&#8221; global_colors_info=&#8221;{}&#8221;][et_pb_row _builder_version=&#8221;4.20.2&#8243; _module_preset=&#8221;default&#8221; global_colors_info=&#8221;{}&#8221;][et_pb_column type=&#8221;4_4&#8243; _builder_version=&#8221;4.20.2&#8243; _module_preset=&#8221;default&#8221; global_colors_info=&#8221;{}&#8221;][et_pb_text _builder_version=&#8221;4.20.2&#8243; _module_preset=&#8221;default&#8221; global_colors_info=&#8221;{}&#8221;]<\/p>\n<h1><strong>SFO Priser<\/strong><\/h1>\n<p>(g\u00e6ldende fra 01.01.2026)<\/p>\n<p>&nbsp;<\/p>\n<table border=\"1\" style=\"border-collapse: collapse; width: 100%; height: 192px;\">\n<tbody>\n<tr style=\"height: 24px;\">\n<td style=\"width: 539.5px; height: 24px;\"><strong>Morgenmodul (6.30-7.40)<\/strong><\/td>\n<td style=\"width: 539.5px; height: 24px;\"><span>kr. 472.-<\/span><\/td>\n<\/tr>\n<tr style=\"height: 24px;\">\n<td style=\"width: 539.5px; height: 24px;\"><strong>Eftermiddagsmodul<\/strong><\/td>\n<td style=\"width: 539.5px; height: 24px;\"><span>kr. 1558.-<\/span><\/td>\n<\/tr>\n<tr style=\"height: 24px;\">\n<td style=\"width: 539.5px; height: 24px;\"><strong>Eftermiddag- &amp; feriemodul<\/strong><\/td>\n<td style=\"width: 539.5px; height: 24px;\">\n<p><span>kr. 2090<\/span><span>.-<\/span><\/p>\n<\/td>\n<\/tr>\n<tr style=\"height: 24px;\">\n<td style=\"width: 539.5px; height: 24px;\"><strong>Feriemodul <\/strong><br \/><span>(Pasning i alle ferier bortset fra 3 uger i sommerferien)<\/span><\/td>\n<td style=\"width: 539.5px; height: 24px;\"><span>kr. 532.-<\/span><\/td>\n<\/tr>\n<tr style=\"height: 24px;\">\n<td style=\"width: 539.5px; height: 24px;\"><span>Hele modulpakken<\/span><\/td>\n<td style=\"width: 539.5px; height: 24px;\"><span>kr. 2247<\/span><span>.-<\/span><\/td>\n<\/tr>\n<tr style=\"height: 24px;\">\n<td style=\"width: 539.5px; height: 24px;\"><span>Clubmodul fra 3.kl (13.30-17.00\/16.00)<\/span><\/td>\n<td style=\"width: 539.5px; height: 24px;\"><span>kr. 1273<\/span><span>.-<\/span><\/td>\n<\/tr>\n<tr style=\"height: 24px;\">\n<td style=\"width: 539.5px; height: 24px;\"><span>10er-Klippekort<\/span><\/td>\n<td style=\"width: 539.5px; height: 24px;\"><span>kr. <\/span><span>850.-<\/span><\/td>\n<\/tr>\n<tr style=\"height: 24px;\">\n<td style=\"width: 539.5px; height: 24px;\"><\/td>\n<td style=\"width: 539.5px; height: 24px;\"><\/td>\n<\/tr>\n<\/tbody>\n<\/table>\n<p>[\/et_pb_text][\/et_pb_column][\/et_pb_row][\/et_pb_section]<\/p>\n","protected":false},"excerpt":{"rendered":"<p>Priser Der kan s\u00f8ges om fripladser. Ans\u00f8gninger behandles i henhold til g\u00e6ldende kommunale regler. S\u00f8nderborg Kommune: Der kan l\u00f8bende s\u00f8ges om friplads. Aabenraa Kommune: Der skal s\u00f8ges om friplads senest i September. Kontakt os. Der kan s\u00f8ges om s\u00f8skenderabat i henhold til g\u00e6ldende kommunale regler. Kommunen har besluttet at der fra 3. klasse ikke kan [&hellip;]<\/p>\n","protected":false},"author":2,"featured_media":0,"parent":0,"menu_order":0,"comment_status":"closed","ping_status":"closed","template":"","meta":{"_et_pb_use_builder":"on","_et_pb_old_content":"","_et_gb_content_width":"","footnotes":""},"class_list":["post-948","page","type-page","status-publish","hentry"],"_links":{"self":[{"href":"https:\/\/foerde-schule-gravenstein.dk\/da\/wp-json\/wp\/v2\/pages\/948","targetHints":{"allow":["GET"]}}],"collection":[{"href":"https:\/\/foerde-schule-gravenstein.dk\/da\/wp-json\/wp\/v2\/pages"}],"about":[{"href":"https:\/\/foerde-schule-gravenstein.dk\/da\/wp-json\/wp\/v2\/types\/page"}],"author":[{"embeddable":true,"href":"https:\/\/foerde-schule-gravenstein.dk\/da\/wp-json\/wp\/v2\/users\/2"}],"replies":[{"embeddable":true,"href":"https:\/\/foerde-schule-gravenstein.dk\/da\/wp-json\/wp\/v2\/comments?post=948"}],"version-history":[{"count":3,"href":"https:\/\/foerde-schule-gravenstein.dk\/da\/wp-json\/wp\/v2\/pages\/948\/revisions"}],"predecessor-version":[{"id":1363,"href":"https:\/\/foerde-schule-gravenstein.dk\/da\/wp-json\/wp\/v2\/pages\/948\/revisions\/1363"}],"wp:attachment":[{"href":"https:\/\/foerde-schule-gravenstein.dk\/da\/wp-json\/wp\/v2\/media?parent=948"}],"curies":[{"name":"wp","href":"https:\/\/api.w.org\/{rel}","templated":true}]}}